{"id":55,"date":"2023-08-27T11:20:32","date_gmt":"2023-08-27T08:20:32","guid":{"rendered":"http:\/\/vatra-hotel.te.ua\/?page_id=55"},"modified":"2024-05-09T13:36:31","modified_gmt":"2024-05-09T10:36:31","slug":"contacts","status":"publish","type":"page","link":"https:\/\/vatra-hotel.te.ua\/pl\/contacts\/","title":{"rendered":"\u0141\u0105czno\u015b\u0107"},"content":{"rendered":"","protected":false},"excerpt":{"rendered":"","protected":false},"author":1,"featured_media":0,"parent":0,"menu_order":0,"comment_status":"closed","ping_status":"closed","template":"contacts.php","meta":{"_monsterinsights_skip_tracking":false,"_monsterinsights_sitenote_active":false,"_monsterinsights_sitenote_note":"","_monsterinsights_sitenote_category":0,"footnotes":""},"class_list":["post-55","page","type-page","status-publish","hentry"],"acf":[],"aioseo_notices":[],"_links":{"self":[{"href":"https:\/\/vatra-hotel.te.ua\/pl\/wp-json\/wp\/v2\/pages\/55","targetHints":{"allow":["GET"]}}],"collection":[{"href":"https:\/\/vatra-hotel.te.ua\/pl\/wp-json\/wp\/v2\/pages"}],"about":[{"href":"https:\/\/vatra-hotel.te.ua\/pl\/wp-json\/wp\/v2\/types\/page"}],"author":[{"embeddable":true,"href":"https:\/\/vatra-hotel.te.ua\/pl\/wp-json\/wp\/v2\/users\/1"}],"replies":[{"embeddable":true,"href":"https:\/\/vatra-hotel.te.ua\/pl\/wp-json\/wp\/v2\/comments?post=55"}],"version-history":[{"count":5,"href":"https:\/\/vatra-hotel.te.ua\/pl\/wp-json\/wp\/v2\/pages\/55\/revisions"}],"predecessor-version":[{"id":442,"href":"https:\/\/vatra-hotel.te.ua\/pl\/wp-json\/wp\/v2\/pages\/55\/revisions\/442"}],"wp:attachment":[{"href":"https:\/\/vatra-hotel.te.ua\/pl\/wp-json\/wp\/v2\/media?parent=55"}],"curies":[{"name":"wp","href":"https:\/\/api.w.org\/{rel}","templated":true}]}}